{"id":9201,"date":"2019-11-02T12:45:17","date_gmt":"2019-11-02T11:45:17","guid":{"rendered":"http:\/\/osfm-splet.splet.arnes.si\/?page_id=9201"},"modified":"2024-09-17T12:39:17","modified_gmt":"2024-09-17T10:39:17","slug":"interesne-dejavnosti","status":"publish","type":"page","link":"https:\/\/fmalgaja.si\/?page_id=9201","title":{"rendered":"Interesne dejavnosti"},"content":{"rendered":"<p>[et_pb_section fb_built=&#8221;1&#8243; fullwidth=&#8221;on&#8221; admin_label=&#8221;section&#8221; _builder_version=&#8221;4.23.4&#8243; background_color=&#8221;rgba(255,255,255,0)&#8221; background_image=&#8221;http:\/\/osfm-splet.splet.arnes.si\/files\/2015\/06\/osfm1.jpg&#8221; background_enable_image=&#8221;off&#8221; custom_padding=&#8221;||1px|&#8221; transparent_background=&#8221;on&#8221; make_fullwidth=&#8221;off&#8221; use_custom_width=&#8221;off&#8221; width_unit=&#8221;on&#8221; global_module=&#8221;10997&#8243; locked=&#8221;off&#8221; global_colors_info=&#8221;{}&#8221;][et_pb_fullwidth_slider use_bg_overlay=&#8221;off&#8221; use_text_overlay=&#8221;off&#8221; admin_label=&#8221;Slike \u0161ole&#8221; _builder_version=&#8221;4.23.4&#8243; vertical_offset_tablet=&#8221;0&#8243; horizontal_offset_tablet=&#8221;0&#8243; custom_padding=&#8221;|||&#8221; auto=&#8221;on&#8221; auto_speed=&#8221;10000&#8243; link_option_url=&#8221;www.fmalgaja.si&#8221; z_index_tablet=&#8221;0&#8243; header_text_shadow_horizontal_length_tablet=&#8221;0px&#8221; header_text_shadow_vertical_length_tablet=&#8221;0px&#8221; header_text_shadow_blur_strength_tablet=&#8221;1px&#8221; body_text_shadow_horizontal_length_tablet=&#8221;0px&#8221; body_text_shadow_vertical_length_tablet=&#8221;0px&#8221; body_text_shadow_blur_strength_tablet=&#8221;1px&#8221; body_link_text_shadow_horizontal_length_tablet=&#8221;0px&#8221; body_link_text_shadow_vertical_length_tablet=&#8221;0px&#8221; body_link_text_shadow_blur_strength_tablet=&#8221;1px&#8221; body_ul_text_shadow_horizontal_length_tablet=&#8221;0px&#8221; body_ul_text_shadow_vertical_length_tablet=&#8221;0px&#8221; body_ul_text_shadow_blur_strength_tablet=&#8221;1px&#8221; body_ol_text_shadow_horizontal_length_tablet=&#8221;0px&#8221; body_ol_text_shadow_vertical_length_tablet=&#8221;0px&#8221; body_ol_text_shadow_blur_strength_tablet=&#8221;1px&#8221; body_quote_text_shadow_horizontal_length_tablet=&#8221;0px&#8221; body_quote_text_shadow_vertical_length_tablet=&#8221;0px&#8221; body_quote_text_shadow_blur_strength_tablet=&#8221;1px&#8221; button_text_shadow_horizontal_length_tablet=&#8221;0px&#8221; button_text_shadow_vertical_length_tablet=&#8221;0px&#8221; button_text_shadow_blur_strength_tablet=&#8221;1px&#8221; box_shadow_style=&#8221;preset6&#8243; box_shadow_horizontal_image_tablet=&#8221;0px&#8221; box_shadow_vertical_image_tablet=&#8221;0px&#8221; box_shadow_blur_image_tablet=&#8221;40px&#8221; box_shadow_spread_image_tablet=&#8221;0px&#8221; box_shadow_horizontal_button_tablet=&#8221;0px&#8221; box_shadow_vertical_button_tablet=&#8221;0px&#8221; box_shadow_blur_button_tablet=&#8221;40px&#8221; box_shadow_spread_button_tablet=&#8221;0px&#8221; text_shadow_horizontal_length_tablet=&#8221;0px&#8221; text_shadow_vertical_length_tablet=&#8221;0px&#8221; text_shadow_blur_strength_tablet=&#8221;1px&#8221; remove_inner_shadow=&#8221;off&#8221; hide_content_on_mobile=&#8221;off&#8221; hide_cta_on_mobile=&#8221;off&#8221; show_inner_shadow=&#8221;on&#8221; button_letter_spacing_hover=&#8221;0&#8243; locked=&#8221;off&#8221; global_colors_info=&#8221;{}&#8221; button_text_size__hover_enabled=&#8221;off&#8221; button_text_size__hover=&#8221;null&#8221; button_one_text_size__hover_enabled=&#8221;off&#8221; button_one_text_size__hover=&#8221;null&#8221; button_two_text_size__hover_enabled=&#8221;off&#8221; button_two_text_size__hover=&#8221;null&#8221; button_text_color__hover_enabled=&#8221;off&#8221; button_text_color__hover=&#8221;null&#8221; button_one_text_color__hover_enabled=&#8221;off&#8221; button_one_text_color__hover=&#8221;null&#8221; button_two_text_color__hover_enabled=&#8221;off&#8221; button_two_text_color__hover=&#8221;null&#8221; button_border_width__hover_enabled=&#8221;off&#8221; button_border_width__hover=&#8221;null&#8221; button_one_border_width__hover_enabled=&#8221;off&#8221; button_one_border_width__hover=&#8221;null&#8221; button_two_border_width__hover_enabled=&#8221;off&#8221; button_two_border_width__hover=&#8221;null&#8221; button_border_color__hover_enabled=&#8221;off&#8221; button_border_color__hover=&#8221;null&#8221; button_one_border_color__hover_enabled=&#8221;off&#8221; button_one_border_color__hover=&#8221;null&#8221; button_two_border_color__hover_enabled=&#8221;off&#8221; button_two_border_color__hover=&#8221;null&#8221; button_border_radius__hover_enabled=&#8221;off&#8221; button_border_radius__hover=&#8221;null&#8221; button_one_border_radius__hover_enabled=&#8221;off&#8221; button_one_border_radius__hover=&#8221;null&#8221; button_two_border_radius__hover_enabled=&#8221;off&#8221; button_two_border_radius__hover=&#8221;null&#8221; button_letter_spacing__hover_enabled=&#8221;on&#8221; button_letter_spacing__hover=&#8221;0&#8243; button_one_letter_spacing__hover_enabled=&#8221;off&#8221; button_one_letter_spacing__hover=&#8221;null&#8221; button_two_letter_spacing__hover_enabled=&#8221;off&#8221; button_two_letter_spacing__hover=&#8221;null&#8221; button_bg_color__hover_enabled=&#8221;off&#8221; button_bg_color__hover=&#8221;null&#8221; button_one_bg_color__hover_enabled=&#8221;off&#8221; button_one_bg_color__hover=&#8221;null&#8221; button_two_bg_color__hover_enabled=&#8221;off&#8221; button_two_bg_color__hover=&#8221;null&#8221;][et_pb_slide heading=&#8221;O\u0160 Franja Malgaja \u0160entjur&#8221; _builder_version=&#8221;4.16&#8243; background_color=&#8221;#ffffff&#8221; background_image=&#8221;https:\/\/fmalgaja.si\/files\/2015\/08\/osfm1.jpg&#8221; background_enable_image=&#8221;on&#8221; locked=&#8221;off&#8221; global_colors_info=&#8221;{}&#8221; button_text_size__hover_enabled=&#8221;off&#8221; button_one_text_size__hover_enabled=&#8221;off&#8221; button_two_text_size__hover_enabled=&#8221;off&#8221; button_text_color__hover_enabled=&#8221;off&#8221; button_one_text_color__hover_enabled=&#8221;off&#8221; button_two_text_color__hover_enabled=&#8221;off&#8221; button_border_width__hover_enabled=&#8221;off&#8221; button_one_border_width__hover_enabled=&#8221;off&#8221; button_two_border_width__hover_enabled=&#8221;off&#8221; button_border_color__hover_enabled=&#8221;off&#8221; button_one_border_color__hover_enabled=&#8221;off&#8221; button_two_border_color__hover_enabled=&#8221;off&#8221; button_border_radius__hover_enabled=&#8221;off&#8221; button_one_border_radius__hover_enabled=&#8221;off&#8221; button_two_border_radius__hover_enabled=&#8221;off&#8221; button_letter_spacing__hover_enabled=&#8221;off&#8221; button_one_letter_spacing__hover_enabled=&#8221;off&#8221; button_two_letter_spacing__hover_enabled=&#8221;off&#8221; button_bg_color__hover_enabled=&#8221;off&#8221; button_one_bg_color__hover_enabled=&#8221;off&#8221; button_two_bg_color__hover_enabled=&#8221;off&#8221; sticky_transition=&#8221;on&#8221;][\/et_pb_slide][et_pb_slide heading=&#8221;O\u0160 Franja Malgaja \u0160entjur&#8221; _builder_version=&#8221;4.16&#8243; background_color=&#8221;#ffffff&#8221; background_image=&#8221;https:\/\/fmalgaja.si\/files\/2015\/06\/osfm2.jpg&#8221; background_enable_image=&#8221;on&#8221; locked=&#8221;off&#8221; global_colors_info=&#8221;{}&#8221; button_text_size__hover_enabled=&#8221;off&#8221; button_one_text_size__hover_enabled=&#8221;off&#8221; button_two_text_size__hover_enabled=&#8221;off&#8221; button_text_color__hover_enabled=&#8221;off&#8221; button_one_text_color__hover_enabled=&#8221;off&#8221; button_two_text_color__hover_enabled=&#8221;off&#8221; button_border_width__hover_enabled=&#8221;off&#8221; button_one_border_width__hover_enabled=&#8221;off&#8221; button_two_border_width__hover_enabled=&#8221;off&#8221; button_border_color__hover_enabled=&#8221;off&#8221; button_one_border_color__hover_enabled=&#8221;off&#8221; button_two_border_color__hover_enabled=&#8221;off&#8221; button_border_radius__hover_enabled=&#8221;off&#8221; button_one_border_radius__hover_enabled=&#8221;off&#8221; button_two_border_radius__hover_enabled=&#8221;off&#8221; button_letter_spacing__hover_enabled=&#8221;off&#8221; button_one_letter_spacing__hover_enabled=&#8221;off&#8221; button_two_letter_spacing__hover_enabled=&#8221;off&#8221; button_bg_color__hover_enabled=&#8221;off&#8221; button_one_bg_color__hover_enabled=&#8221;off&#8221; button_two_bg_color__hover_enabled=&#8221;off&#8221; sticky_transition=&#8221;on&#8221;][\/et_pb_slide][et_pb_slide heading=&#8221;O\u0160 Franja Malgaja \u0160entjur&#8221; _builder_version=&#8221;4.16&#8243; background_color=&#8221;#ffffff&#8221; background_image=&#8221;https:\/\/fmalgaja.si\/files\/2015\/06\/osfm3.jpg&#8221; background_enable_image=&#8221;on&#8221; locked=&#8221;off&#8221; global_colors_info=&#8221;{}&#8221; button_text_size__hover_enabled=&#8221;off&#8221; button_one_text_size__hover_enabled=&#8221;off&#8221; button_two_text_size__hover_enabled=&#8221;off&#8221; button_text_color__hover_enabled=&#8221;off&#8221; button_one_text_color__hover_enabled=&#8221;off&#8221; button_two_text_color__hover_enabled=&#8221;off&#8221; button_border_width__hover_enabled=&#8221;off&#8221; button_one_border_width__hover_enabled=&#8221;off&#8221; button_two_border_width__hover_enabled=&#8221;off&#8221; button_border_color__hover_enabled=&#8221;off&#8221; button_one_border_color__hover_enabled=&#8221;off&#8221; button_two_border_color__hover_enabled=&#8221;off&#8221; button_border_radius__hover_enabled=&#8221;off&#8221; button_one_border_radius__hover_enabled=&#8221;off&#8221; button_two_border_radius__hover_enabled=&#8221;off&#8221; button_letter_spacing__hover_enabled=&#8221;off&#8221; button_one_letter_spacing__hover_enabled=&#8221;off&#8221; button_two_letter_spacing__hover_enabled=&#8221;off&#8221; button_bg_color__hover_enabled=&#8221;off&#8221; button_one_bg_color__hover_enabled=&#8221;off&#8221; button_two_bg_color__hover_enabled=&#8221;off&#8221; sticky_transition=&#8221;on&#8221;][\/et_pb_slide][\/et_pb_fullwidth_slider][et_pb_fullwidth_menu menu_id=&#8221;57&#8243; menu_style=&#8221;centered&#8221; submenu_direction=&#8221;downwards&#8221; fullwidth_menu=&#8221;off&#8221; active_link_color=&#8221;#FFFFFF&#8221; admin_label=&#8221;Glavni Meni&#8221; module_id=&#8221;velikost-menija&#8221; _builder_version=&#8221;4.23.4&#8243; menu_font=&#8221;|on|||&#8221; menu_text_color=&#8221;#FFFFFF&#8221; menu_font_size=&#8221;15px&#8221; background_color=&#8221;#1269b0&#8243; background_color_tablet=&#8221;#ffffff&#8221; background_color_phone=&#8221;#ffffff&#8221; background_last_edited=&#8221;on|tablet&#8221; background_enable_color_tablet=&#8221;on&#8221; background_enable_color_phone=&#8221;on&#8221; global_colors_info=&#8221;{}&#8221;][\/et_pb_fullwidth_menu][\/et_pb_section][et_pb_section fb_built=&#8221;1&#8243; admin_label=&#8221;section&#8221; _builder_version=&#8221;4.16&#8243; global_colors_info=&#8221;{}&#8221;][et_pb_row admin_label=&#8221;row&#8221; _builder_version=&#8221;4.16&#8243; background_size=&#8221;initial&#8221; background_position=&#8221;top_left&#8221; background_repeat=&#8221;repeat&#8221; global_colors_info=&#8221;{}&#8221;][et_pb_column type=&#8221;4_4&#8243; _builder_version=&#8221;4.16&#8243; custom_padding=&#8221;|||&#8221; global_colors_info=&#8221;{}&#8221; custom_padding__hover=&#8221;|||&#8221;][et_pb_text _builder_version=&#8221;4.27.0&#8243; background_size=&#8221;initial&#8221; background_position=&#8221;top_left&#8221; background_repeat=&#8221;repeat&#8221; hover_enabled=&#8221;0&#8243; use_border_color=&#8221;off&#8221; global_colors_info=&#8221;{}&#8221; sticky_enabled=&#8221;0&#8243;]<\/p>\n<h3>Interesne dejavnosti<\/h3>\n<p>Interesne dejavnosti predstavljajo pomemben del vse\u017eivljenjskega u\u010denja. \u0160ola jih organizira zunaj \u0161olskega pouka kot raz\u0161irjeni program \u0161ole z namenom, da bi omogo\u010dila odkrivanje in razvijanje u\u010den\u010devih interesov ter u\u010dence prakti\u010dno uvajala v \u017eivljenje in jih s tem usposabljala za koristno ter zdravo pre\u017eivljanje prostega \u010dasa.<\/p>\n<p>Interesne dejavnosti, organizirane s strani \u0161ole, so brezpla\u010dne. Izpolnjene prijavnice je potrebno oddati razredniku ali u\u010ditelju, ki izvaja dejavnost.<\/p>\n<p>&nbsp; <a href=\"https:\/\/fmalgaja.si\/files\/2024\/09\/Prijavnica-na-interesno-dejavnost.pdf\" target=\"_blank\" rel=\"attachment noopener wp-att-27053\">Prijavnica na interesno dejavnost<\/a><\/p>\n<h5 style=\"text-align: center\">Seznam interesnih dejavnosti v \u0161olskem letu 2024\/2025<\/h5>\n<p><img loading=\"lazy\" decoding=\"async\" class=\"wp-image-27159 aligncenter size-full\" src=\"https:\/\/fmalgaja.si\/files\/2024\/09\/IDfm-1.jpg\" alt=\"\" width=\"676\" height=\"809\" srcset=\"https:\/\/fmalgaja.si\/files\/2024\/09\/IDfm-1.jpg 676w, https:\/\/fmalgaja.si\/files\/2024\/09\/IDfm-1-480x574.jpg 480w\" sizes=\"(min-width: 0px) and (max-width: 480px) 480px, (min-width: 481px) 676px, 100vw\" \/> <img loading=\"lazy\" decoding=\"async\" class=\"wp-image-27152 aligncenter size-full\" src=\"https:\/\/fmalgaja.si\/files\/2024\/09\/IDbl.jpg\" alt=\"\" width=\"676\" height=\"245\" srcset=\"https:\/\/fmalgaja.si\/files\/2024\/09\/IDbl.jpg 676w, https:\/\/fmalgaja.si\/files\/2024\/09\/IDbl-480x174.jpg 480w\" sizes=\"(min-width: 0px) and (max-width: 480px) 480px, (min-width: 481px) 676px, 100vw\" \/><\/p>\n<p>Na \u0161oli potekajo tudi dejavnosti, ki jih izvajajo klubi in dru\u0161tva kot zunanji sodelavci za na\u0161e otroke. Tem \u0161ola nudi prostore in pomagala uskladiti urnike. O programih, vpisu in cenah storitev se morajo star\u0161i dogovarjati neposredno z izvajalci.<\/p>\n<p><img loading=\"lazy\" decoding=\"async\" class=\"wp-image-27188 aligncenter \" src=\"https:\/\/fmalgaja.si\/files\/2024\/09\/id-zunanji-1.jpg\" alt=\"\" width=\"618\" height=\"487\" srcset=\"https:\/\/fmalgaja.si\/files\/2024\/09\/id-zunanji-1.jpg 618w, https:\/\/fmalgaja.si\/files\/2024\/09\/id-zunanji-1-480x378.jpg 480w\" sizes=\"(min-width: 0px) and (max-width: 480px) 480px, (min-width: 481px) 618px, 100vw\" \/><\/p>\n<p>&nbsp;<\/p>\n<p>[\/et_pb_text][\/et_pb_column][\/et_pb_row][\/et_pb_section][et_pb_section fb_built=&#8221;1&#8243; fullwidth=&#8221;on&#8221; disabled_on=&#8221;on|on|&#8221; admin_label=&#8221;Section&#8221; _builder_version=&#8221;4.23.4&#8243; vertical_offset_tablet=&#8221;0&#8243; horizontal_offset_tablet=&#8221;0&#8243; inner_width_phone=&#8221;50px&#8221; inner_max_width_tablet=&#8221;100px&#8221; inner_max_width_phone=&#8221;50px&#8221; custom_margin=&#8221;30px||||false|false&#8221; animation_style=&#8221;fade&#8221; box_shadow_horizontal_tablet=&#8221;0px&#8221; box_shadow_vertical_tablet=&#8221;0px&#8221; box_shadow_blur_tablet=&#8221;40px&#8221; box_shadow_spread_tablet=&#8221;0px&#8221; transparent_background=&#8221;off&#8221; make_fullwidth=&#8221;off&#8221; use_custom_width=&#8221;off&#8221; width_unit=&#8221;on&#8221; global_module=&#8221;10917&#8243; locked=&#8221;off&#8221; collapsed=&#8221;off&#8221; global_colors_info=&#8221;{}&#8221;][et_pb_fullwidth_header content_max_width=&#8221;none&#8221; admin_label=&#8221;Napisi in logo v nogi&#8221; _builder_version=&#8221;4.23.4&#8243; title_font_size=&#8221;14px&#8221; subhead_font_size=&#8221;14px&#8221; background_layout=&#8221;light&#8221; button_one_letter_spacing_hover=&#8221;0&#8243; button_two_letter_spacing_hover=&#8221;0&#8243; global_colors_info=&#8221;{}&#8221; button_one_text_size__hover_enabled=&#8221;off&#8221; button_one_text_size__hover=&#8221;null&#8221; button_two_text_size__hover_enabled=&#8221;off&#8221; button_two_text_size__hover=&#8221;null&#8221; button_one_text_color__hover_enabled=&#8221;off&#8221; button_one_text_color__hover=&#8221;null&#8221; button_two_text_color__hover_enabled=&#8221;off&#8221; button_two_text_color__hover=&#8221;null&#8221; button_one_border_width__hover_enabled=&#8221;off&#8221; button_one_border_width__hover=&#8221;null&#8221; button_two_border_width__hover_enabled=&#8221;off&#8221; button_two_border_width__hover=&#8221;null&#8221; button_one_border_color__hover_enabled=&#8221;off&#8221; button_one_border_color__hover=&#8221;null&#8221; button_two_border_color__hover_enabled=&#8221;off&#8221; button_two_border_color__hover=&#8221;null&#8221; button_one_border_radius__hover_enabled=&#8221;off&#8221; button_one_border_radius__hover=&#8221;null&#8221; button_two_border_radius__hover_enabled=&#8221;off&#8221; button_two_border_radius__hover=&#8221;null&#8221; button_one_letter_spacing__hover_enabled=&#8221;on&#8221; button_one_letter_spacing__hover=&#8221;0&#8243; button_two_letter_spacing__hover_enabled=&#8221;on&#8221; button_two_letter_spacing__hover=&#8221;0&#8243; button_one_bg_color__hover_enabled=&#8221;off&#8221; button_one_bg_color__hover=&#8221;null&#8221; button_two_bg_color__hover_enabled=&#8221;off&#8221; button_two_bg_color__hover=&#8221;null&#8221;]<\/p>\n<table bgcolor=\"#ffffff\">\n<tbody>\n<tr>\n<td><img loading=\"lazy\" decoding=\"async\" class=\"wp-image-18488 alignnone \" src=\"https:\/\/fmalgaja.si\/files\/2019\/12\/osfm-NazivInNaslov.jpg\" alt=\"\" width=\"260\" height=\"87\"><\/td>\n<td><img loading=\"lazy\" decoding=\"async\" class=\"wp-image-74 aligncenter\" src=\"http:\/\/osfm-splet.splet.arnes.si\/files\/2015\/03\/logo.png\" alt=\"\" width=\"100\" height=\"100\" srcset=\"https:\/\/fmalgaja.si\/files\/2015\/03\/logo.png 300w, https:\/\/fmalgaja.si\/files\/2015\/03\/logo-150x150.png 150w\" sizes=\"(max-width: 100px) 100vw, 100px\" \/><\/td>\n<td><img loading=\"lazy\" decoding=\"async\" class=\"wp-image-22035 alignnone \" src=\"https:\/\/fmalgaja.si\/files\/2022\/06\/Logo-MVI-slo.png\" alt=\"\" width=\"342\" height=\"37\"><\/td>\n<\/tr>\n<\/tbody>\n<\/table>\n<p>&nbsp;<\/p>\n<p>[\/et_pb_fullwidth_header][\/et_pb_section]<\/p>\n","protected":false},"excerpt":{"rendered":"<p>Interesne dejavnosti Interesne dejavnosti predstavljajo pomemben del vse\u017eivljenjskega u\u010denja. \u0160ola jih organizira zunaj \u0161olskega pouka kot raz\u0161irjeni program \u0161ole z namenom, da bi omogo\u010dila odkrivanje in razvijanje u\u010den\u010devih interesov ter u\u010dence prakti\u010dno uvajala v \u017eivljenje in jih s tem usposabljala za koristno ter zdravo pre\u017eivljanje prostega \u010dasa. Interesne dejavnosti, organizirane s strani \u0161ole, so brezpla\u010dne. [&hellip;]<\/p>\n","protected":false},"author":6245,"featured_media":0,"parent":0,"menu_order":0,"comment_status":"closed","ping_status":"closed","template":"page-template-blank.php","meta":{"_et_pb_use_builder":"on","_et_pb_old_content":"<p>Kro\u017eki in interesne dejavnosti predstavljajo pomemben del vse\u017eivljenjskega u\u010denja. \u0160ola jih organizira zunaj \u0161olskega pouka kot raz\u0161irjeni program \u0161ole z namenom, da bi omogo\u010dila odkrivanje in razvijanje u\u010den\u010devih interesov ter u\u010dence prakti\u010dno uvajala v \u017eivljenje in jih s tem usposabljala za koristno ter zdravo pre\u017eivljanje prostega \u010dasa.<\/p><p>Kro\u017eki in interesne dejavnosti, organizirane s strani \u0161ole, so brezpla\u010dne. Na \u0161oli potekajo tudi dejavnosti, ki jih izvajajo klubi in dru\u0161tva kot zunanji sodelavci za na\u0161e otroke. Tem \u0161ola nudi brezpla\u010dno le prostore in pomagala uskladiti urnike. O programih in cenah storitev se morajo star\u0161i dogovarjali neposredno z izvajalci.<\/p><hr \/><table width=\"858\"><tbody><tr><td width=\"223\"><strong>Kro\u017eek<\/strong><\/td><td width=\"177\"><strong>Mentor<\/strong><\/td><td width=\"236\"><strong>razred<\/strong><\/td><td width=\"221\"><strong>dan\/ura<\/strong><\/td><\/tr><tr><td width=\"223\">RDE\u010cI KRI\u017d<\/td><td width=\"177\">Tea Fider\u0161ek<\/td><td width=\"236\">3. \u2013 5. r<\/td><td width=\"221\">po dogovoru<\/td><\/tr><tr><td width=\"223\">RDE\u010cI KRI\u017d<\/td><td width=\"177\">Gizela Geren\u010der<\/td><td width=\"236\">6., 7., 8.<\/td><td width=\"221\">po dogovoru<\/td><\/tr><tr><td width=\"223\">VESELA \u0160OLA<\/td><td width=\"177\">Silva \u0160koberne<\/td><td width=\"236\">5., 6., 8. r OPP<\/td><td width=\"221\">ponedeljek, 7. ura<\/td><\/tr><tr><td width=\"223\">PRAVLJI\u010cNI KRO\u017dEK<\/td><td width=\"177\">Alenka \u017dolgar Jakopi\u010d<\/td><td width=\"236\">1.<\/td><td width=\"221\">sreda, predura<\/td><\/tr><tr><td width=\"223\">LOGIKA<\/td><td width=\"177\">Marija Kodrin<\/td><td width=\"236\">6. \u2013 9. r<\/td><td width=\"221\">sreda, 7. ura<\/td><\/tr><tr><td width=\"223\">KNJI\u017dNI\u010cARSKI KRO\u017dEK<\/td><td width=\"177\">Simona Fridl<\/td><td width=\"236\">6. \u2013 9. r<\/td><td width=\"221\">petek, 6. ura<\/td><\/tr><tr><td width=\"223\">KNJI\u017dNI\u010cARSKI KRO\u017dEK<\/td><td width=\"177\">Du\u0161ica Bele<\/td><td width=\"236\">4. \u2013 5. r Bl<\/td><td width=\"221\">ponedeljek, 6. ura<\/td><\/tr><tr><td width=\"223\">LIKOVNI KRO\u017dEK<\/td><td width=\"177\">Katja Gaj\u0161ek<\/td><td width=\"236\">4. \u2013 9. r<\/td><td width=\"221\">ponedeljek, 6. ura<\/td><\/tr><tr><td width=\"223\">LIKOVNI KRO\u017dEK<\/td><td width=\"177\">Petra Artnak<\/td><td width=\"236\">1. \u2013 5. r Bl<\/td><td width=\"221\">\u010detrtek, 6. ura<\/td><\/tr><tr><td width=\"223\">PLANINSKI KRO\u017dEK<\/td><td width=\"177\"><p>Breda Pavli\u010d<\/p><p>Jasna Zupanc<\/p><p>Gizela Geren\u010der<\/p><\/td><td width=\"236\">1. \u2013\u00a0 9.r<\/td><td width=\"221\">ob vikendih<\/td><\/tr><tr><td width=\"223\">PLANINSKI KRO\u017dEK<\/td><td width=\"177\">Monika Zupanec<\/td><td width=\"236\">1. \u2013 5.r Bl<\/td><td width=\"221\">ob vikendih<\/td><\/tr><tr><td width=\"223\">\u0160PF (plesni kro\u017eek)<\/td><td width=\"177\">Monika Zupanec<\/td><td width=\"236\"><p>\u010cetrtek 1.-3.r<\/p><p>\u010cetrtek 4.-5.r<\/p><p>(od decembra do aprila\/maja)<\/p><\/td><td width=\"221\"><p>5. ura<\/p><p>\u00a0<\/p><p>6. ura<\/p><\/td><\/tr><tr><td width=\"223\">MALI USTVARJALCI<\/td><td width=\"177\">Jo\u017eica Prelo\u017enik<\/td><td width=\"236\">1. r<\/td><td width=\"221\">\u010detrtek, 6., 7. ura \/na 14 dni<\/td><\/tr><tr><td width=\"223\">VESELA \u0160OLA<\/td><td width=\"177\"><p>Marija Pezdev\u0161ek<\/p><p>Alenka Kalan<\/p><\/td><td width=\"236\"><p>4. \u2013 6.r<\/p><p>7. \u2013 9.r<\/p><\/td><td width=\"221\"><p>6. oz. 7. ura<\/p><p>6. oz. 7. ura<\/p><\/td><\/tr><tr><td width=\"223\">VESELA \u0160OLA<\/td><td width=\"177\">Hedvika Pikl<\/td><td width=\"236\">4.,5.r Bl<\/td><td width=\"221\">sreda, predura<\/td><\/tr><tr><td width=\"223\">MEDIACIJA<\/td><td width=\"177\"><p>Simona Zorko<\/p><p>Darja Steblovnik<\/p><\/td><td width=\"236\">6. \u2013 9.r<\/td><td width=\"221\">\u00a0<\/td><\/tr><tr><td width=\"223\">MALA ODBOJKA<\/td><td width=\"177\">Nada Ad\u017ei\u0107<\/td><td width=\"236\">6. \u2013 7.r<\/td><td width=\"221\">sreda, 6. ura<\/td><\/tr><tr><td width=\"223\">ODBOJKA<\/td><td width=\"177\">Nada Ad\u017ei\u0107<\/td><td width=\"236\">8. \u2013 9.r<\/td><td width=\"221\">torek, 6. ura<\/td><\/tr><tr><td width=\"223\">\u0160PORTNI KRO\u017dEK<\/td><td width=\"177\">Vlado Artnak<\/td><td width=\"236\">5. \u2013 9.r<\/td><td width=\"221\">Petek, 15.00 \u2013 16.30<\/td><\/tr><tr><td width=\"223\">NOGOMET<\/td><td width=\"177\">Uro\u0161 Cingl<\/td><td width=\"236\">6. \u2013 9.r<\/td><td width=\"221\">\u010detrtek, 7. ura<\/td><\/tr><tr><td width=\"223\">TEHNI\u0160KI KRO\u017dEK<\/td><td width=\"177\">Uro\u0161 Cingl<\/td><td width=\"236\">6. \u2013 8.r<\/td><td width=\"221\">torek, 7. ura<\/td><\/tr><tr><td width=\"223\">KOLESARSKI KRO\u017dEK<\/td><td width=\"177\"><p>Marija Pezdev\u0161ek<\/p><p>Jasna Zupanc<\/p><p>Gizela Geren\u010der<\/p><p>Monika Zupanec<\/p><p>Petra Artnak<\/p><p>Hedvika Pikl<\/p><\/td><td width=\"236\">5.r<\/td><td width=\"221\"><p>6., 7. ura<\/p><p>(jeseni in spomladi)<\/p><\/td><\/tr><tr><td width=\"223\">BRALNE URICE<\/td><td width=\"177\">Sabina Jager<\/td><td width=\"236\">3.<\/td><td width=\"221\">\u010detrtek. 0. ura<\/td><\/tr><tr><td width=\"223\">KO\u0160ARKA<\/td><td width=\"177\">Rok Novak<\/td><td width=\"236\">6. \u2013 9. r<\/td><td width=\"221\">sreda, 7. ura<\/td><\/tr><\/tbody><\/table><p>\u00a0<\/p>","_et_gb_content_width":"","ngg_post_thumbnail":0,"footnotes":""},"class_list":["post-9201","page","type-page","status-publish","hentry"],"publishpress_future_action":{"enabled":false,"date":"2026-05-21 18:03:19","action":"change-status","newStatus":"draft","terms":[],"taxonomy":"","extraData":[]},"publishpress_future_workflow_manual_trigger":{"enabledWorkflows":[]},"_links":{"self":[{"href":"https:\/\/fmalgaja.si\/index.php?rest_route=\/wp\/v2\/pages\/9201","targetHints":{"allow":["GET"]}}],"collection":[{"href":"https:\/\/fmalgaja.si\/index.php?rest_route=\/wp\/v2\/pages"}],"about":[{"href":"https:\/\/fmalgaja.si\/index.php?rest_route=\/wp\/v2\/types\/page"}],"author":[{"embeddable":true,"href":"https:\/\/fmalgaja.si\/index.php?rest_route=\/wp\/v2\/users\/6245"}],"replies":[{"embeddable":true,"href":"https:\/\/fmalgaja.si\/index.php?rest_route=%2Fwp%2Fv2%2Fcomments&post=9201"}],"version-history":[{"count":16,"href":"https:\/\/fmalgaja.si\/index.php?rest_route=\/wp\/v2\/pages\/9201\/revisions"}],"predecessor-version":[{"id":27191,"href":"https:\/\/fmalgaja.si\/index.php?rest_route=\/wp\/v2\/pages\/9201\/revisions\/27191"}],"wp:attachment":[{"href":"https:\/\/fmalgaja.si\/index.php?rest_route=%2Fwp%2Fv2%2Fmedia&parent=9201"}],"curies":[{"name":"wp","href":"https:\/\/api.w.org\/{rel}","templated":true}]}}