{"id":9519,"date":"2019-11-22T22:49:15","date_gmt":"2019-11-22T21:49:15","guid":{"rendered":"http:\/\/osfm-splet.splet.arnes.si\/?page_id=9519"},"modified":"2025-10-17T08:12:40","modified_gmt":"2025-10-17T06:12:40","slug":"svet-zavoda","status":"publish","type":"page","link":"https:\/\/fmalgaja.si\/?page_id=9519","title":{"rendered":"Svet zavoda"},"content":{"rendered":"<p>[et_pb_section fb_built=&#8221;1&#8243; fullwidth=&#8221;on&#8221; admin_label=&#8221;section&#8221; _builder_version=&#8221;4.27.4&#8243; background_color=&#8221;rgba(255,255,255,0)&#8221; background_image=&#8221;http:\/\/osfm-splet.splet.arnes.si\/files\/2015\/06\/osfm1.jpg&#8221; background_enable_image=&#8221;off&#8221; custom_padding=&#8221;||1px|&#8221; transparent_background=&#8221;on&#8221; make_fullwidth=&#8221;off&#8221; use_custom_width=&#8221;off&#8221; width_unit=&#8221;on&#8221; global_module=&#8221;10997&#8243; locked=&#8221;off&#8221; collapsed=&#8221;on&#8221; global_colors_info=&#8221;{}&#8221;][et_pb_fullwidth_slider use_bg_overlay=&#8221;off&#8221; use_text_overlay=&#8221;off&#8221; admin_label=&#8221;Slike \u0161ole&#8221; _builder_version=&#8221;4.27.0&#8243; vertical_offset_tablet=&#8221;0&#8243; horizontal_offset_tablet=&#8221;0&#8243; custom_padding=&#8221;|||&#8221; auto=&#8221;on&#8221; auto_speed=&#8221;10000&#8243; link_option_url=&#8221;www.fmalgaja.si&#8221; z_index_tablet=&#8221;0&#8243; header_text_shadow_horizontal_length_tablet=&#8221;0px&#8221; header_text_shadow_vertical_length_tablet=&#8221;0px&#8221; header_text_shadow_blur_strength_tablet=&#8221;1px&#8221; body_text_shadow_horizontal_length_tablet=&#8221;0px&#8221; body_text_shadow_vertical_length_tablet=&#8221;0px&#8221; body_text_shadow_blur_strength_tablet=&#8221;1px&#8221; body_link_text_shadow_horizontal_length_tablet=&#8221;0px&#8221; body_link_text_shadow_vertical_length_tablet=&#8221;0px&#8221; body_link_text_shadow_blur_strength_tablet=&#8221;1px&#8221; body_ul_text_shadow_horizontal_length_tablet=&#8221;0px&#8221; body_ul_text_shadow_vertical_length_tablet=&#8221;0px&#8221; body_ul_text_shadow_blur_strength_tablet=&#8221;1px&#8221; body_ol_text_shadow_horizontal_length_tablet=&#8221;0px&#8221; body_ol_text_shadow_vertical_length_tablet=&#8221;0px&#8221; body_ol_text_shadow_blur_strength_tablet=&#8221;1px&#8221; body_quote_text_shadow_horizontal_length_tablet=&#8221;0px&#8221; body_quote_text_shadow_vertical_length_tablet=&#8221;0px&#8221; body_quote_text_shadow_blur_strength_tablet=&#8221;1px&#8221; button_text_shadow_horizontal_length_tablet=&#8221;0px&#8221; button_text_shadow_vertical_length_tablet=&#8221;0px&#8221; button_text_shadow_blur_strength_tablet=&#8221;1px&#8221; box_shadow_style=&#8221;preset6&#8243; box_shadow_horizontal_image_tablet=&#8221;0px&#8221; box_shadow_vertical_image_tablet=&#8221;0px&#8221; box_shadow_blur_image_tablet=&#8221;40px&#8221; box_shadow_spread_image_tablet=&#8221;0px&#8221; box_shadow_horizontal_button_tablet=&#8221;0px&#8221; box_shadow_vertical_button_tablet=&#8221;0px&#8221; box_shadow_blur_button_tablet=&#8221;40px&#8221; box_shadow_spread_button_tablet=&#8221;0px&#8221; text_shadow_horizontal_length_tablet=&#8221;0px&#8221; text_shadow_vertical_length_tablet=&#8221;0px&#8221; text_shadow_blur_strength_tablet=&#8221;1px&#8221; remove_inner_shadow=&#8221;off&#8221; hide_content_on_mobile=&#8221;off&#8221; hide_cta_on_mobile=&#8221;off&#8221; show_inner_shadow=&#8221;on&#8221; button_letter_spacing_hover=&#8221;0&#8243; locked=&#8221;off&#8221; global_colors_info=&#8221;{}&#8221; button_text_size__hover_enabled=&#8221;off&#8221; button_text_size__hover=&#8221;null&#8221; button_one_text_size__hover_enabled=&#8221;off&#8221; button_one_text_size__hover=&#8221;null&#8221; button_two_text_size__hover_enabled=&#8221;off&#8221; button_two_text_size__hover=&#8221;null&#8221; button_text_color__hover_enabled=&#8221;off&#8221; button_text_color__hover=&#8221;null&#8221; button_one_text_color__hover_enabled=&#8221;off&#8221; button_one_text_color__hover=&#8221;null&#8221; button_two_text_color__hover_enabled=&#8221;off&#8221; button_two_text_color__hover=&#8221;null&#8221; button_border_width__hover_enabled=&#8221;off&#8221; button_border_width__hover=&#8221;null&#8221; button_one_border_width__hover_enabled=&#8221;off&#8221; button_one_border_width__hover=&#8221;null&#8221; button_two_border_width__hover_enabled=&#8221;off&#8221; button_two_border_width__hover=&#8221;null&#8221; button_border_color__hover_enabled=&#8221;off&#8221; button_border_color__hover=&#8221;null&#8221; button_one_border_color__hover_enabled=&#8221;off&#8221; button_one_border_color__hover=&#8221;null&#8221; button_two_border_color__hover_enabled=&#8221;off&#8221; button_two_border_color__hover=&#8221;null&#8221; button_border_radius__hover_enabled=&#8221;off&#8221; button_border_radius__hover=&#8221;null&#8221; button_one_border_radius__hover_enabled=&#8221;off&#8221; button_one_border_radius__hover=&#8221;null&#8221; button_two_border_radius__hover_enabled=&#8221;off&#8221; button_two_border_radius__hover=&#8221;null&#8221; button_letter_spacing__hover_enabled=&#8221;on&#8221; button_letter_spacing__hover=&#8221;0&#8243; button_one_letter_spacing__hover_enabled=&#8221;off&#8221; button_one_letter_spacing__hover=&#8221;null&#8221; button_two_letter_spacing__hover_enabled=&#8221;off&#8221; button_two_letter_spacing__hover=&#8221;null&#8221; button_bg_color__hover_enabled=&#8221;off&#8221; button_bg_color__hover=&#8221;null&#8221; button_one_bg_color__hover_enabled=&#8221;off&#8221; button_one_bg_color__hover=&#8221;null&#8221; button_two_bg_color__hover_enabled=&#8221;off&#8221; button_two_bg_color__hover=&#8221;null&#8221;][et_pb_slide heading=&#8221;O\u0160 Franja Malgaja \u0160entjur&#8221; _builder_version=&#8221;4.16&#8243; background_color=&#8221;#ffffff&#8221; background_image=&#8221;https:\/\/fmalgaja.si\/files\/2015\/08\/osfm1.jpg&#8221; background_enable_image=&#8221;on&#8221; locked=&#8221;off&#8221; global_colors_info=&#8221;{}&#8221; button_text_size__hover_enabled=&#8221;off&#8221; button_one_text_size__hover_enabled=&#8221;off&#8221; button_two_text_size__hover_enabled=&#8221;off&#8221; button_text_color__hover_enabled=&#8221;off&#8221; button_one_text_color__hover_enabled=&#8221;off&#8221; button_two_text_color__hover_enabled=&#8221;off&#8221; button_border_width__hover_enabled=&#8221;off&#8221; button_one_border_width__hover_enabled=&#8221;off&#8221; button_two_border_width__hover_enabled=&#8221;off&#8221; button_border_color__hover_enabled=&#8221;off&#8221; button_one_border_color__hover_enabled=&#8221;off&#8221; button_two_border_color__hover_enabled=&#8221;off&#8221; button_border_radius__hover_enabled=&#8221;off&#8221; button_one_border_radius__hover_enabled=&#8221;off&#8221; button_two_border_radius__hover_enabled=&#8221;off&#8221; button_letter_spacing__hover_enabled=&#8221;off&#8221; button_one_letter_spacing__hover_enabled=&#8221;off&#8221; button_two_letter_spacing__hover_enabled=&#8221;off&#8221; button_bg_color__hover_enabled=&#8221;off&#8221; button_one_bg_color__hover_enabled=&#8221;off&#8221; button_two_bg_color__hover_enabled=&#8221;off&#8221; sticky_transition=&#8221;on&#8221;][\/et_pb_slide][et_pb_slide heading=&#8221;O\u0160 Franja Malgaja \u0160entjur&#8221; _builder_version=&#8221;4.16&#8243; background_color=&#8221;#ffffff&#8221; background_image=&#8221;https:\/\/fmalgaja.si\/files\/2015\/06\/osfm2.jpg&#8221; background_enable_image=&#8221;on&#8221; locked=&#8221;off&#8221; global_colors_info=&#8221;{}&#8221; button_text_size__hover_enabled=&#8221;off&#8221; button_one_text_size__hover_enabled=&#8221;off&#8221; button_two_text_size__hover_enabled=&#8221;off&#8221; button_text_color__hover_enabled=&#8221;off&#8221; button_one_text_color__hover_enabled=&#8221;off&#8221; button_two_text_color__hover_enabled=&#8221;off&#8221; button_border_width__hover_enabled=&#8221;off&#8221; button_one_border_width__hover_enabled=&#8221;off&#8221; button_two_border_width__hover_enabled=&#8221;off&#8221; button_border_color__hover_enabled=&#8221;off&#8221; button_one_border_color__hover_enabled=&#8221;off&#8221; button_two_border_color__hover_enabled=&#8221;off&#8221; button_border_radius__hover_enabled=&#8221;off&#8221; button_one_border_radius__hover_enabled=&#8221;off&#8221; button_two_border_radius__hover_enabled=&#8221;off&#8221; button_letter_spacing__hover_enabled=&#8221;off&#8221; button_one_letter_spacing__hover_enabled=&#8221;off&#8221; button_two_letter_spacing__hover_enabled=&#8221;off&#8221; button_bg_color__hover_enabled=&#8221;off&#8221; button_one_bg_color__hover_enabled=&#8221;off&#8221; button_two_bg_color__hover_enabled=&#8221;off&#8221; sticky_transition=&#8221;on&#8221;][\/et_pb_slide][et_pb_slide heading=&#8221;O\u0160 Franja Malgaja \u0160entjur&#8221; _builder_version=&#8221;4.16&#8243; background_color=&#8221;#ffffff&#8221; background_image=&#8221;https:\/\/fmalgaja.si\/files\/2015\/06\/osfm3.jpg&#8221; background_enable_image=&#8221;on&#8221; locked=&#8221;off&#8221; global_colors_info=&#8221;{}&#8221; button_text_size__hover_enabled=&#8221;off&#8221; button_one_text_size__hover_enabled=&#8221;off&#8221; button_two_text_size__hover_enabled=&#8221;off&#8221; button_text_color__hover_enabled=&#8221;off&#8221; button_one_text_color__hover_enabled=&#8221;off&#8221; button_two_text_color__hover_enabled=&#8221;off&#8221; button_border_width__hover_enabled=&#8221;off&#8221; button_one_border_width__hover_enabled=&#8221;off&#8221; button_two_border_width__hover_enabled=&#8221;off&#8221; button_border_color__hover_enabled=&#8221;off&#8221; button_one_border_color__hover_enabled=&#8221;off&#8221; button_two_border_color__hover_enabled=&#8221;off&#8221; button_border_radius__hover_enabled=&#8221;off&#8221; button_one_border_radius__hover_enabled=&#8221;off&#8221; button_two_border_radius__hover_enabled=&#8221;off&#8221; button_letter_spacing__hover_enabled=&#8221;off&#8221; button_one_letter_spacing__hover_enabled=&#8221;off&#8221; button_two_letter_spacing__hover_enabled=&#8221;off&#8221; button_bg_color__hover_enabled=&#8221;off&#8221; button_one_bg_color__hover_enabled=&#8221;off&#8221; button_two_bg_color__hover_enabled=&#8221;off&#8221; sticky_transition=&#8221;on&#8221;][\/et_pb_slide][\/et_pb_fullwidth_slider][et_pb_fullwidth_menu menu_id=&#8221;57&#8243; menu_style=&#8221;centered&#8221; submenu_direction=&#8221;downwards&#8221; fullwidth_menu=&#8221;off&#8221; active_link_color=&#8221;#FFFFFF&#8221; admin_label=&#8221;Glavni Meni&#8221; module_id=&#8221;velikost-menija&#8221; _builder_version=&#8221;4.27.4&#8243; menu_font=&#8221;|on|||&#8221; menu_text_color=&#8221;#FFFFFF&#8221; menu_font_size=&#8221;15px&#8221; background_color=&#8221;#1269b0&#8243; background_color_tablet=&#8221;#ffffff&#8221; background_color_phone=&#8221;#ffffff&#8221; background_last_edited=&#8221;on|tablet&#8221; background_enable_color_tablet=&#8221;on&#8221; background_enable_color_phone=&#8221;on&#8221; global_colors_info=&#8221;{}&#8221;][\/et_pb_fullwidth_menu][\/et_pb_section][et_pb_section fb_built=&#8221;1&#8243; admin_label=&#8221;section&#8221; _builder_version=&#8221;4.16&#8243; global_colors_info=&#8221;{}&#8221;][et_pb_row admin_label=&#8221;row&#8221; _builder_version=&#8221;4.16&#8243; background_size=&#8221;initial&#8221; background_position=&#8221;top_left&#8221; background_repeat=&#8221;repeat&#8221; global_colors_info=&#8221;{}&#8221;][et_pb_column type=&#8221;4_4&#8243; _builder_version=&#8221;4.16&#8243; custom_padding=&#8221;|||&#8221; global_colors_info=&#8221;{}&#8221; custom_padding__hover=&#8221;|||&#8221;][et_pb_text _builder_version=&#8221;4.27.4&#8243; background_size=&#8221;initial&#8221; background_position=&#8221;top_left&#8221; background_repeat=&#8221;repeat&#8221; text_orientation=&#8221;justified&#8221; hover_enabled=&#8221;0&#8243; use_border_color=&#8221;off&#8221; global_colors_info=&#8221;{}&#8221; sticky_enabled=&#8221;0&#8243;]<\/p>\n<h3>Svet zavoda<\/h3>\n<p>&nbsp;<\/p>\n<p>Svet zavoda opravlja skladno z odlokom naslednje naloge:<\/p>\n<ul>\n<li>sprejema pravila in druge splo\u0161ne akte \u0161ole, s katerimi se urejajo vpra\u0161anja, ki so pomembna za opravljanje dejavnosti in poslovanje \u0161ole,<\/li>\n<li>imenuje in razre\u0161uje ravnatelja,<\/li>\n<li>sprejema vsebinski in kadrovski na\u010drt,<\/li>\n<li>sprejema letni delovni na\u010drt in poro\u010dilo o njegovi uresni\u010ditvi,<\/li>\n<li>sprejema finan\u010dni na\u010drt in zaklju\u010dni ra\u010dun,<\/li>\n<li>odlo\u010da o uvedbi nadstandardnih in drugih programov,<\/li>\n<li>obravnava poro\u010dila o vzgojni oziroma izobra\u017eevalni problematiki,<\/li>\n<li>odlo\u010da o prito\u017ebah v zvezi s statusom u\u010denca,<\/li>\n<li>odlo\u010da o prito\u017ebah v zvezi s pravicami, obveznostmi in odgovornostmi delavcev iz delovnega razmerja,<\/li>\n<li>odlo\u010da o prito\u017ebah star\u0161ev v zvezi z vzgojnim in izobra\u017eevalnim delom v \u0161oli,<\/li>\n<li>predlaga ustanoviteljici spremembo ali raz\u0161iritev dejavnosti,<\/li>\n<li>daje ustanoviteljici in ravnatelju zavoda predloge in mnenja o posameznih vpra\u0161anjih,<\/li>\n<li>sprejema programe prioritet za delitev prese\u017eka prihodka nad odhodki.<\/li>\n<\/ul>\n<p>Svet zavoda ima \u0161tiriletni mandat, sestavljajo ga trije predstavniki ustanovitelja, trije predstavniki star\u0161ev in pet predstavnikov delavcev \u0161ole.<\/p>\n<p>Predsednik sveta zavoda je Lovro Per\u010di\u010d, namestnik pa Viljem Ravnikar<\/p>\n<hr>\n\n<table id=\"tablepress-17\" class=\"tablepress tablepress-id-17\">\n<thead>\n<tr class=\"row-1\">\n\t<th class=\"column-1\">Predstavniki ustanovitelja<\/th><th class=\"column-2\">Predstavniki zaposlenih<\/th><th class=\"column-3\">Predstavniki star\u0161ev<\/th>\n<\/tr>\n<\/thead>\n<tbody class=\"row-striping row-hover\">\n<tr class=\"row-2\">\n\t<td class=\"column-1\">Lovro Per\u010di\u010d<\/td><td class=\"column-2\">Viljem Ravnikar<\/td><td class=\"column-3\">Polona Lukanc<\/td>\n<\/tr>\n<tr class=\"row-3\">\n\t<td class=\"column-1\">\u017dani Valen\u010dak<\/td><td class=\"column-2\">Jasna Zupanc<\/td><td class=\"column-3\">Daniel \u010coklc<\/td>\n<\/tr>\n<tr class=\"row-4\">\n\t<td class=\"column-1\">Klemen Grdina<\/td><td class=\"column-2\">Nina Hriber\u0161ek<\/td><td class=\"column-3\">Robert Jakopi\u010d<\/td>\n<\/tr>\n<tr class=\"row-5\">\n\t<td class=\"column-1\"><\/td><td class=\"column-2\">Tatjana Iva\u010di\u010d<\/td><td class=\"column-3\"><\/td>\n<\/tr>\n<tr class=\"row-6\">\n\t<td class=\"column-1\"><\/td><td class=\"column-2\">Barbara Opre\u0161nik<\/td><td class=\"column-3\"><\/td>\n<\/tr>\n<\/tbody>\n<\/table>\n<!-- #tablepress-17 from cache -->\n<hr>\n<p><strong>Zapisniki sej sveta zavoda<\/strong><\/p>\n<table style=\"border-collapse: collapse;width: 100%\" border=\"1\">\n<tbody>\n<tr style=\"height: 313px\">\n<td style=\"width: 50%;height: 313px\">2016 &#8211; 2020<\/td>\n<td style=\"width: 50%;height: 313px\"><a href=\"http:\/\/osfm-splet.splet.arnes.si\/files\/2020\/01\/1.seja_.Sveta_.zavoda.2016.pdf\">1.seja.Sveta.zavoda.2016<\/a><br \/><a href=\"http:\/\/osfm-splet.splet.arnes.si\/files\/2020\/01\/2.seja_.Sveta_.zavoda.2016.pdf\">2.seja.Sveta.zavoda.2016<\/a><br \/><a style=\"font-family: inherit;font-size: inherit\" href=\"http:\/\/osfm-splet.splet.arnes.si\/files\/2020\/01\/3.seja_.Sveta_.zavoda.2017.pdf\">3.seja.Sveta.zavoda.2017<\/a><br \/><a href=\"http:\/\/osfm-splet.splet.arnes.si\/files\/2020\/01\/4.seja_.Sveta_.zavoda.2017.pdf\">4.seja.Sveta.zavoda.2017<\/a><br \/><a href=\"http:\/\/osfm-splet.splet.arnes.si\/files\/2020\/01\/5.seja_.Sveta_.zavoda.2018.pdf\">5.seja.Sveta.zavoda.2018<\/a><br \/><a href=\"http:\/\/osfm-splet.splet.arnes.si\/files\/2020\/01\/6.seja_.Sveta_.zavoda.2018.pdf\">6.seja.Sveta.zavoda.2018<\/a><br \/><a href=\"http:\/\/osfm-splet.splet.arnes.si\/files\/2020\/01\/7.seja_.Sveta_.zavoda.2019.pdf\">7.seja.Sveta.zavoda.2019<\/a><br \/><a href=\"http:\/\/osfm-splet.splet.arnes.si\/files\/2020\/01\/8.seja_.Sveta_.zavoda.2019.pdf\">8.seja.Sveta.zavoda.2019<\/a><br \/><a href=\"http:\/\/osfm-splet.splet.arnes.si\/files\/2020\/01\/9seja.Sveta_.zavoda.2019.pdf\">9.seja.Sveta.zavoda.2019<\/a><br \/><a href=\"http:\/\/osfm-splet.splet.arnes.si\/files\/2020\/01\/10.seja_.Sveta_.zavoda.2019.pdf\">10.seja.Sveta.zavoda.2019<\/a><br \/><a href=\"https:\/\/fmalgaja.si\/files\/2021\/08\/11.seja.Sveta.zavoda.2019.pdf\" target=\"_blank\" rel=\"noopener noreferrer\">11.seja.Sveta.zavoda.2019<\/a><br \/><a href=\"https:\/\/fmalgaja.si\/files\/2021\/08\/12.seja.Sveta.zavoda.2020.pdf\" target=\"_blank\" rel=\"noopener noreferrer\">12.seja.Sveta.zavoda.2020<\/a><\/td>\n<\/tr>\n<tr style=\"height: 23px\">\n<td style=\"width: 50%;height: 23px\">2020 &#8211; 2024<\/td>\n<td style=\"width: 50%;height: 23px\"><a href=\"https:\/\/fmalgaja.si\/files\/2022\/04\/Zapisnik-1.-seje-Sveta-zavoda-z-dne-29.-9.-2020-podpisan.pdf\" target=\"_blank\" rel=\"noopener\">1.seja.Sveta.zavoda.2020<\/a><br \/><a style=\"font-family: inherit;font-size: inherit\" href=\"https:\/\/fmalgaja.si\/files\/2022\/04\/Zapisnik-2.-seje-Sveta-zavoda-z-dne-25.-2.-2021-podpisan.pdf\" target=\"_blank\" rel=\"noopener\">2.seja.Sveta.zavoda.2020<\/a><br \/><a href=\"https:\/\/fmalgaja.si\/files\/2022\/04\/Zapisnik-3.-seje-Sveta-zavoda-z-dne-30.-9.-2021-podpisan.pdf\" target=\"_blank\" rel=\"noopener\">3.seja.Sveta.zavoda.2021<\/a><br \/><a href=\"https:\/\/fmalgaja.si\/files\/2022\/04\/Zapisnik-4.-seje-Sveta-zavoda-z-dne-24.-2.-2022-podpisan.pdf\" target=\"_blank\" rel=\"noopener\">4.seja.Sveta.zavoda.2022<\/a><br \/><a href=\"https:\/\/fmalgaja.si\/files\/2022\/11\/Zapisnik-5.-seje-Sveta-sole-09-2022.pdf\" target=\"_blank\" rel=\"noopener\">5.seja.Sveta.zavoda.2022<\/a><br \/><a style=\"font-family: inherit;font-size: inherit\" href=\"https:\/\/fmalgaja.si\/files\/2023\/04\/Zapisnik.seje.Sveta.zavoda.pdf\" target=\"_blank\" rel=\"attachment noopener wp-att-22246\">6.seja.Sveta.zavoda.2023<\/a><br \/><a style=\"font-family: inherit;font-size: inherit\" href=\"https:\/\/fmalgaja.si\/files\/2024\/05\/Zapisnik-7.-seje-Sveta-Zavoda-z-dne-21.-9.-2023.pdf\" target=\"_blank\" rel=\"attachment noopener wp-att-26476\">7.seja Sveta Zavoda 2023<\/a><br \/><a style=\"font-family: inherit;font-size: inherit\" href=\"https:\/\/fmalgaja.si\/files\/2024\/05\/Zapisnik-8.-seje-Sveta-ZAvoda-z-dne-23.-1.-2024.pdf\" target=\"_blank\" rel=\"attachment noopener wp-att-26475\">8.seja Sveta Zavoda 2024<\/a><a href=\"https:\/\/fmalgaja.si\/files\/2024\/05\/Zapisnik-6.-kores.seje-Sveta-Zavoda-z-dne-20.-6.-2023.pdf\" rel=\"attachment wp-att-26477\">Zapisnik 6. kores.seje Sveta Zavoda z dne 20. 6. 2023<\/a><br \/><a href=\"https:\/\/fmalgaja.si\/files\/2024\/05\/Zapisnik-5.-kores.seje-Sveta-ZAvoda-z-dne-3.-5.-2023.pdf\" rel=\"attachment wp-att-26474\">Zapisnik 5. kores.seje Sveta Zavoda z dne 3. 5. 2023<\/a><br \/><a style=\"font-family: inherit;font-size: inherit\" href=\"https:\/\/fmalgaja.si\/files\/2024\/05\/Zapisnik-4.-kores.seje-Sveta-Zavoda-z-dne-25.-8.-2022.pdf\" rel=\"attachment wp-att-26478\">Zapisnik 4. kores.seje Sveta Zavoda z dne 25. 8. 2022<\/a><br \/><a style=\"font-family: inherit;font-size: inherit\" href=\"https:\/\/fmalgaja.si\/files\/2024\/05\/Zapisnik-3.-kores.seje-Sveta-Zavoda-z-dne-17.-12.-2021.pdf\" rel=\"attachment wp-att-26471\">Zapisnik 3. kores.seje Sveta Zavoda z dne 17. 12. 2021<\/a><br \/><a href=\"https:\/\/fmalgaja.si\/files\/2024\/05\/Zapisnik-2.-kores.seje-Sveta-Zavoda-z-dne-12.-11.-2021.pdf\" rel=\"attachment wp-att-26472\">Zapisnik 2. kores.seje Sveta Zavoda z dne 12. 11. 2021<\/a><br \/><a href=\"https:\/\/fmalgaja.si\/files\/2024\/05\/Zapisnik-1.-kores.seje-Sveta-Zavoda-z-dne-4.-5.-2021.pdf\" rel=\"attachment wp-att-26473\">Zapisnik 1. kores.seje Sveta Zavoda z dne 4. 5. 2021<\/a><\/td>\n<\/tr>\n<tr>\n<td style=\"width: 50%\">2025 &#8211; 2028<\/td>\n<td style=\"width: 50%\"><a href=\"https:\/\/fmalgaja.si\/files\/2025\/10\/Zapisnik-1.-seje-Sveta-zavoda-30.9.2024.pdf\" target=\"_blank\" rel=\"attachment noopener wp-att-31525\">1. seja Sveta zavoda<\/a><br \/><a href=\"https:\/\/fmalgaja.si\/files\/2025\/10\/Zapisnik-2.-seje-koncni.pdf\" target=\"_blank\" rel=\"attachment noopener wp-att-31524\">2. seja Sveta zavoda<\/a><\/td>\n<\/tr>\n<\/tbody>\n<\/table>\n<p>&nbsp;<\/p>\n<p>[\/et_pb_text][\/et_pb_column][\/et_pb_row][\/et_pb_section][et_pb_section fb_built=&#8221;1&#8243; fullwidth=&#8221;on&#8221; disabled_on=&#8221;on|on|&#8221; admin_label=&#8221;Section&#8221; _builder_version=&#8221;4.27.4&#8243; vertical_offset_tablet=&#8221;0&#8243; horizontal_offset_tablet=&#8221;0&#8243; inner_width_phone=&#8221;50px&#8221; inner_max_width_tablet=&#8221;100px&#8221; inner_max_width_phone=&#8221;50px&#8221; custom_margin=&#8221;30px||||false|false&#8221; animation_style=&#8221;fade&#8221; box_shadow_horizontal_tablet=&#8221;0px&#8221; box_shadow_vertical_tablet=&#8221;0px&#8221; box_shadow_blur_tablet=&#8221;40px&#8221; box_shadow_spread_tablet=&#8221;0px&#8221; transparent_background=&#8221;off&#8221; make_fullwidth=&#8221;off&#8221; use_custom_width=&#8221;off&#8221; width_unit=&#8221;on&#8221; global_module=&#8221;10917&#8243; locked=&#8221;off&#8221; collapsed=&#8221;off&#8221; global_colors_info=&#8221;{}&#8221;][et_pb_fullwidth_header content_max_width=&#8221;none&#8221; admin_label=&#8221;Napisi in logo v nogi&#8221; _builder_version=&#8221;4.27.4&#8243; title_font_size=&#8221;14px&#8221; subhead_font_size=&#8221;14px&#8221; background_layout=&#8221;light&#8221; button_one_letter_spacing_hover=&#8221;0&#8243; button_two_letter_spacing_hover=&#8221;0&#8243; global_colors_info=&#8221;{}&#8221; button_one_text_size__hover_enabled=&#8221;off&#8221; button_one_text_size__hover=&#8221;null&#8221; button_two_text_size__hover_enabled=&#8221;off&#8221; button_two_text_size__hover=&#8221;null&#8221; button_one_text_color__hover_enabled=&#8221;off&#8221; button_one_text_color__hover=&#8221;null&#8221; button_two_text_color__hover_enabled=&#8221;off&#8221; button_two_text_color__hover=&#8221;null&#8221; button_one_border_width__hover_enabled=&#8221;off&#8221; button_one_border_width__hover=&#8221;null&#8221; button_two_border_width__hover_enabled=&#8221;off&#8221; button_two_border_width__hover=&#8221;null&#8221; button_one_border_color__hover_enabled=&#8221;off&#8221; button_one_border_color__hover=&#8221;null&#8221; button_two_border_color__hover_enabled=&#8221;off&#8221; button_two_border_color__hover=&#8221;null&#8221; button_one_border_radius__hover_enabled=&#8221;off&#8221; button_one_border_radius__hover=&#8221;null&#8221; button_two_border_radius__hover_enabled=&#8221;off&#8221; button_two_border_radius__hover=&#8221;null&#8221; button_one_letter_spacing__hover_enabled=&#8221;on&#8221; button_one_letter_spacing__hover=&#8221;0&#8243; button_two_letter_spacing__hover_enabled=&#8221;on&#8221; button_two_letter_spacing__hover=&#8221;0&#8243; button_one_bg_color__hover_enabled=&#8221;off&#8221; button_one_bg_color__hover=&#8221;null&#8221; button_two_bg_color__hover_enabled=&#8221;off&#8221; button_two_bg_color__hover=&#8221;null&#8221;]<\/p>\n<table bgcolor=\"#ffffff\">\n<tbody>\n<tr>\n<td><img loading=\"lazy\" decoding=\"async\" class=\"wp-image-18488 alignnone \" src=\"https:\/\/fmalgaja.si\/files\/2019\/12\/osfm-NazivInNaslov.jpg\" alt=\"\" width=\"260\" height=\"87\"><\/td>\n<td><img loading=\"lazy\" decoding=\"async\" class=\"wp-image-74 aligncenter\" src=\"http:\/\/osfm-splet.splet.arnes.si\/files\/2015\/03\/logo.png\" alt=\"\" width=\"100\" height=\"100\" srcset=\"https:\/\/fmalgaja.si\/files\/2015\/03\/logo.png 300w, https:\/\/fmalgaja.si\/files\/2015\/03\/logo-150x150.png 150w\" sizes=\"(max-width: 100px) 100vw, 100px\" \/><\/td>\n<td><img loading=\"lazy\" decoding=\"async\" class=\"wp-image-22035 alignnone \" src=\"https:\/\/fmalgaja.si\/files\/2022\/06\/Logo-MVI-slo.png\" alt=\"\" width=\"342\" height=\"37\"><\/td>\n<\/tr>\n<\/tbody>\n<\/table>\n<p>&nbsp;<\/p>\n<p>[\/et_pb_fullwidth_header][\/et_pb_section]<\/p>\n","protected":false},"excerpt":{"rendered":"<p>Svet zavoda &nbsp; Svet zavoda opravlja skladno z odlokom naslednje naloge: sprejema pravila in druge splo\u0161ne akte \u0161ole, s katerimi se urejajo vpra\u0161anja, ki so pomembna za opravljanje dejavnosti in poslovanje \u0161ole, imenuje in razre\u0161uje ravnatelja, sprejema vsebinski in kadrovski na\u010drt, sprejema letni delovni na\u010drt in poro\u010dilo o njegovi uresni\u010ditvi, sprejema finan\u010dni na\u010drt in zaklju\u010dni [&hellip;]<\/p>\n","protected":false},"author":6245,"featured_media":0,"parent":0,"menu_order":0,"comment_status":"closed","ping_status":"closed","template":"page-template-blank.php","meta":{"_et_pb_use_builder":"on","_et_pb_old_content":"<p>Svet \u0161ole opravlja skladno z odlokom naslednje naloge:<\/p><ul><li>sprejema pravila in druge splo\u0161ne akte \u0161ole, s katerimi se urejajo vpra\u0161anja, ki so pomembna za opravljanje dejavnosti in poslovanje \u0161ole,<\/li><li>imenuje in razre\u0161uje ravnatelja,<\/li><li>sprejema vsebinski in kadrovski na\u010drt,<\/li><li>sprejema letni delovni na\u010drt in poro\u010dilo o njegovi uresni\u010ditvi,<\/li><li>sprejema finan\u010dni na\u010drt in zaklju\u010dni ra\u010dun,<\/li><li>odlo\u010da o uvedbi nadstandardnih in drugih programov,<\/li><li>obravnava poro\u010dila o vzgojni oziroma izobra\u017eevalni problematiki,<\/li><li>odlo\u010da o prito\u017ebah v zvezi s statusom u\u010denca,<\/li><li>odlo\u010da o prito\u017ebah v zvezi s pravicami, obveznostmi in odgovornostmi delavcev iz delovnega razmerja,<\/li><li>odlo\u010da o prito\u017ebah star\u0161ev v zvezi z vzgojnim in izobra\u017eevalnim delom v \u0161oli,<\/li><li>predlaga ustanoviteljici spremembo ali raz\u0161iritev dejavnosti,<\/li><li>daje ustanoviteljici in ravnatelju zavoda predloge in mnenja o posameznih vpra\u0161anjih,<\/li><li>sprejema programe prioritet za delitev prese\u017eka prihodka nad odhodki.<\/li><\/ul><p>Svet zavoda ima \u0161tiriletni mandat, sestavljajo ga trije predstavniki ustanovitelja, trije predstavniki star\u0161ev in pet predstavnikov delavcev \u0161ole.<\/p><p>Predstavniki ustanovitelja:<br \/> LOVRO PER\u010cI\u010c (predsednik)<br \/> FRANC \u010cU\u0160<br \/> BARBARA KVAS OCVIRK<\/p><p>Predstavniki delavcev:<br \/> SIMONA FRIDL (namestnica predsednika)<br \/> MAG. ALENKA KALAN<br \/> KARMEN LENI\u010c<br \/> HEDVIKA PIKL<br \/> SIMONA ZORKO<\/p><p>Predstavniki star\u0161ev:<br \/> KATJA SMOLE<br \/> MOJCA TOMA\u017dIN<br \/> GABRIJELA \u017dLOF LESKOV\u0160EK<\/p>","_et_gb_content_width":"","ngg_post_thumbnail":0,"footnotes":"","_expiration-date-status":"","_expiration-date":0,"_expiration-date-type":"","_expiration-date-categories":[],"_expiration-date-options":[]},"class_list":["post-9519","page","type-page","status-publish","hentry"],"_links":{"self":[{"href":"https:\/\/fmalgaja.si\/index.php?rest_route=\/wp\/v2\/pages\/9519","targetHints":{"allow":["GET"]}}],"collection":[{"href":"https:\/\/fmalgaja.si\/index.php?rest_route=\/wp\/v2\/pages"}],"about":[{"href":"https:\/\/fmalgaja.si\/index.php?rest_route=\/wp\/v2\/types\/page"}],"author":[{"embeddable":true,"href":"https:\/\/fmalgaja.si\/index.php?rest_route=\/wp\/v2\/users\/6245"}],"replies":[{"embeddable":true,"href":"https:\/\/fmalgaja.si\/index.php?rest_route=%2Fwp%2Fv2%2Fcomments&post=9519"}],"version-history":[{"count":14,"href":"https:\/\/fmalgaja.si\/index.php?rest_route=\/wp\/v2\/pages\/9519\/revisions"}],"predecessor-version":[{"id":31527,"href":"https:\/\/fmalgaja.si\/index.php?rest_route=\/wp\/v2\/pages\/9519\/revisions\/31527"}],"wp:attachment":[{"href":"https:\/\/fmalgaja.si\/index.php?rest_route=%2Fwp%2Fv2%2Fmedia&parent=9519"}],"curies":[{"name":"wp","href":"https:\/\/api.w.org\/{rel}","templated":true}]}}